{"id":154,"date":"2020-10-26T13:15:51","date_gmt":"2020-10-26T13:15:51","guid":{"rendered":"https:\/\/www.rezolve.es\/?page_id=154"},"modified":"2025-12-19T14:34:44","modified_gmt":"2025-12-19T14:34:44","slug":"aviso-legal","status":"publish","type":"page","link":"https:\/\/www.rezolve.es\/en\/aviso-legal\/","title":{"rendered":"Aviso Legal Rezolve"},"content":{"rendered":"<h2 class=\"wp-block-heading\">Identificaci\u00f3n y Titularidad<\/h2>\n\n\n\n<p>A continuaci\u00f3n se exponen los datos identificativos del titular:<\/p>\n\n\n\n<ul class=\"wp-block-list\"><li><strong>Titular:<\/strong>\u00a0Rezolve Technology SL.<\/li><li><strong>CIF:<\/strong>\u00a0B01869775<\/li><li><strong>Domicilio:<\/strong>\u00a0CT N340 Centro Neg. Puerta Banus 175, M\u00e1laga &#8211; Espa\u00f1a.<\/li><li><strong>Correo electr\u00f3nico:<\/strong>\u00a0adolfo@rezolve.com<\/li><li><strong>Sitio Web:<\/strong>\u00a0<a rel=\"noreferrer noopener\" href=\"https:\/\/www.rezolve.es\/en\/\" target=\"_blank\">https:\/\/www.rezolve.es<\/a><\/li><\/ul>\n\n\n\n<h2 class=\"wp-block-heading\">Finalidad<\/h2>\n\n\n\n<p>El objetivo principal del sitio Web&nbsp;<a href=\"https:\/\/www.rezolve.es\/en\/\" target=\"_blank\" rel=\"noreferrer noopener\">https:\/\/www.rezolve.es<\/a>&nbsp;es informar al p\u00fablico, a los clubs y a otras empresas los servicios que puede ofrecer REZOLVE TECHNOLOGY.<\/p>\n\n\n\n<h2 class=\"wp-block-heading\">Condiciones de Uso<\/h2>\n\n\n\n<p>La utilizaci\u00f3n del sitio Web te otorga la condici\u00f3n de Usuario, e implica la aceptaci\u00f3n completa de todas las cl\u00e1usulas y condiciones de uso incluidas en las p\u00e1ginas:<\/p>\n\n\n\n<ul class=\"wp-block-list\"><li><a rel=\"noreferrer noopener\" href=\"https:\/\/www.rezolve.es\/en\/aviso-legal\/\" target=\"_blank\">Legal Notice<\/a><\/li><li><a href=\"https:\/\/www.rezolve.es\/en\/politica-de-privacidad\/\" target=\"_blank\" rel=\"noreferrer noopener\">Privacy Policy<\/a><\/li><li><a href=\"https:\/\/www.rezolve.es\/en\/politica-de-cookies\/\" target=\"_blank\" rel=\"noreferrer noopener\">Cookies Policy<\/a><\/li><\/ul>\n\n\n\n<p>Si no est\u00e1s conforme con todas y cada una de estas cl\u00e1usulas y condiciones te abstendr\u00e1s de utilizar este sitio Web.<\/p>\n\n\n\n<p>El acceso a este sitio Web no supone, en modo alguno, el inicio de una relaci\u00f3n comercial con Rezolve Technology SL.<\/p>\n\n\n\n<p>A trav\u00e9s de este sitio Web, el Titular te facilita el acceso y la utilizaci\u00f3n de diversos contenidos que el Titular o sus colaboradores han publicado por medio de Internet.<\/p>\n\n\n\n<p>A tal efecto, te obligas y comprometes a NO utilizar cualquiera de los contenidos del sitio Web con fines o efectos il\u00edcitos, prohibidos en este Aviso Legal o por la legislaci\u00f3n vigente, lesivos de los derechos e intereses de terceros, o que de cualquier forma puedan da\u00f1ar, inutilizar, sobrecargar, deteriorar o impedir la normal utilizaci\u00f3n de los contenidos, los equipos inform\u00e1ticos o los documentos, archivos y toda clase de contenidos almacenados en cualquier equipo inform\u00e1tico propios o contratados por Rezolve Technology SL, de otros usuarios o de cualquier usuario de Internet.<\/p>\n\n\n\n<h2 class=\"wp-block-heading\">Medidas de seguridad<\/h2>\n\n\n\n<p>Los datos personales que facilites al Titular pueden ser almacenados en bases de datos automatizadas o no, cuya titularidad corresponde en exclusiva a Rezolve Technology SL, que asume todas las medidas de \u00edndole t\u00e9cnica, organizativa y de seguridad que garantizan la confidencialidad, integridad y calidad de la informaci\u00f3n contenida en las mismas de acuerdo con lo establecido en la normativa vigente en protecci\u00f3n de datos.<\/p>\n\n\n\n<p>No obstante, debes ser consciente de que las medidas de seguridad de los sistemas inform\u00e1ticos en Internet no son enteramente fiables y que, por tanto el Titular no puede garantizar la inexistencia de virus u otros elementos que puedan producir alteraciones en los sistemas inform\u00e1ticos (software y hardware) del Usuario o en sus documentos electr\u00f3nicos y ficheros contenidos en los mismos aunque el Titular pone todos los medios necesarios y toma las medidas de seguridad oportunas para evitar la presencia de estos elementos da\u00f1inos.<\/p>\n\n\n\n<h2 class=\"wp-block-heading\">Tratamiento de Datos Personales<\/h2>\n\n\n\n<p>Puedes consultar toda la informaci\u00f3n relativa al tratamiento de datos personales que recoge el Titular en la p\u00e1gina de&nbsp;<a href=\"https:\/\/www.rezolve.es\/en\/politica-de-privacidad\/\" target=\"_blank\" rel=\"noreferrer noopener\">Privacy Policy<\/a>.<\/p>\n\n\n\n<h2 class=\"wp-block-heading\">Contenidos<\/h2>\n\n\n\n<p>El Titular ha obtenido la informaci\u00f3n, el contenido multimedia y los materiales incluidos en el sitio Web de fuentes que considera fiables, pero, si bien ha tomado todas las medidas razonables para asegurar que la informaci\u00f3n contenida es correcta, el Titular no garantiza que sea exacta, completa o actualizada. Rezolve Technology SL declina expresamente cualquier responsabilidad por error u omisi\u00f3n en la informaci\u00f3n contenida en las p\u00e1ginas de este sitio Web.<\/p>\n\n\n\n<p>Queda prohibido transmitir o enviar a trav\u00e9s del sitio Web cualquier contenido ilegal o il\u00edcito, virus inform\u00e1ticos, o mensajes que, en general, afecten o violen derechos de&nbsp;el Titular o de terceros.<\/p>\n\n\n\n<p>Los contenidos de&nbsp;<a href=\"https:\/\/www.rezolve.es\/en\/\" target=\"_blank\" rel=\"noreferrer noopener\">https:\/\/www.rezolve.es<\/a>&nbsp;tienen \u00fanicamente una finalidad informativa y bajo ninguna circunstancia deben usarse ni considerarse como oferta de venta, solicitud de una oferta de compra ni recomendaci\u00f3n para realizar cualquier otra operaci\u00f3n, salvo que as\u00ed se indique expresamente.<\/p>\n\n\n\n<p>Rezolve Technology SL se reserva el derecho a modificar, suspender, cancelar o restringir el contenido de&nbsp;<a href=\"https:\/\/www.rezolve.es\/en\/\" target=\"_blank\" rel=\"noreferrer noopener\">https:\/\/www.rezolve.es<\/a>, los v\u00ednculos o la informaci\u00f3n obtenida a trav\u00e9s del sitio Web, sin necesidad de previo aviso.<\/p>\n\n\n\n<p>Rezolve Technology SL&nbsp;no es responsable de los da\u00f1os y perjuicios que pudieran derivarse de la utilizaci\u00f3n de la informaci\u00f3n del sitio Web.<\/p>\n\n\n\n<h2 class=\"wp-block-heading\">Pol\u00edtica de cookies<\/h2>\n\n\n\n<p>En la p\u00e1gina&nbsp;<a href=\"https:\/\/www.rezolve.es\/en\/politica-de-cookies\/\" target=\"_blank\" rel=\"noreferrer noopener\">Cookies Policy<\/a>&nbsp;puedes consultar toda la informaci\u00f3n relativa a la pol\u00edtica de recogida y tratamiento de las cookies.<\/p>\n\n\n\n<h2 class=\"wp-block-heading\">Enlaces a otros sitios Web<\/h2>\n\n\n\n<p>El Titular puede proporcionarte acceso a sitios Web de terceros mediante enlaces con la finalidad exclusiva de informarte sobre la existencia de otras fuentes de informaci\u00f3n en Internet en las que podr\u00e1s ampliar los datos ofrecidos en el sitio Web.<\/p>\n\n\n\n<p>Estos enlaces a otros sitios Web no suponen en ning\u00fan caso una sugerencia o recomendaci\u00f3n para que visites las p\u00e1ginas web de destino, que est\u00e1n fuera del control del Titular, por lo que Rezolve Technology SL no es responsable del contenido de los sitios web vinculados ni del resultado que obtengas al seguir los enlaces.<\/p>\n\n\n\n<p>Asimismo, Rezolve Technology SL no responde de los links o enlaces ubicados en los sitios web vinculados a los que te proporciona acceso.<\/p>\n\n\n\n<p>El establecimiento del enlace no implica en ning\u00fan caso la existencia de relaciones entre Rezolve Technology SL y el propietario del sitio en el que se establezca el enlace, ni la aceptaci\u00f3n o aprobaci\u00f3n por parte del Titular de sus contenidos o servicios.<\/p>\n\n\n\n<p>Si accedes a un sitio Web externo desde un enlace que encuentres en&nbsp;<a href=\"https:\/\/www.rezolve.es\/en\/\" target=\"_blank\" rel=\"noreferrer noopener\">https:\/\/www.rezolve.es<\/a>&nbsp;deber\u00e1s leer la propia pol\u00edtica de privacidad del otro sitio web que puede ser diferente de la de este sitio Web.<\/p>\n\n\n\n<h2 class=\"wp-block-heading\">Propiedad intelectual e industrial<\/h2>\n\n\n\n<p>Todos los derechos est\u00e1n reservados.<\/p>\n\n\n\n<p>Todo acceso a este sitio Web est\u00e1 sujeto a las siguientes condiciones: la reproducci\u00f3n, almacenaje permanente y la difusi\u00f3n de los contenidos o cualquier otro uso que tenga finalidad p\u00fablica o comercial queda expresamente prohibida sin el consentimiento previo expreso y por escrito de Rezolve Technology SL.<\/p>\n\n\n\n<h2 class=\"wp-block-heading\">Limitaci\u00f3n de responsabilidad<\/h2>\n\n\n\n<p>Rezolve Technology SL declina cualquier responsabilidad en caso de que existan interrupciones o un mal funcionamiento de los Servicios o contenidos ofrecidos en Internet, cualquiera que sea su causa. Asimismo, el Titular no se hace responsable por ca\u00eddas de la red, p\u00e9rdidas de negocio a consecuencia de dichas ca\u00eddas, suspensiones temporales de fluido el\u00e9ctrico o cualquier otro tipo de da\u00f1o indirecto que te pueda ser causado por causas ajenas a el Titular.<\/p>\n\n\n\n<p>Antes de tomar decisiones y\/o acciones con base a la informaci\u00f3n incluida en el sitio Web, el Titular te recomienda comprobar y contrastar la informaci\u00f3n recibida con otras fuentes.<\/p>\n\n\n\n<h2 class=\"wp-block-heading\">Derecho de exclusi\u00f3n<\/h2>\n\n\n\n<p>Rezolve Technology SL se reserva el derecho a denegar o retirar el acceso al sitio Web y los servicios ofrecidos sin necesidad de preaviso, a instancia propia o de un tercero, a aquellos usuarios que incumplan cualquiera de las condiciones de este Aviso Legal.<\/p>\n\n\n\n<h2 class=\"wp-block-heading\">Contact<\/h2>\n\n\n\n<p>En caso de que tengas cualquier duda acerca de estas Condiciones legales o quieras realizar cualquier comentario sobre este sitio Web, puedes enviar un mensaje de correo electr\u00f3nico a la direcci\u00f3n DanielRuiz@rezolve.com.<\/p>","protected":false},"excerpt":{"rendered":"<p>Identificaci\u00f3n y Titularidad A continuaci\u00f3n se exponen los datos identificativos del titular: Titular:\u00a0Rezolve Technology SL. CIF:\u00a0B01869775 Domicilio:\u00a0CT N340 Centro Neg. Puerta Banus 175, M\u00e1laga &#8211; Espa\u00f1a. Correo electr\u00f3nico:\u00a0adolfo@rezolve.com Sitio Web:\u00a0https:\/\/www.rezolve.es Finalidad El objetivo principal del sitio Web&nbsp;https:\/\/www.rezolve.es&nbsp;es informar al p\u00fablico, a los clubs y a otras empresas los servicios que puede ofrecer REZOLVE TECHNOLOGY. Condiciones&hellip; <br \/> <a class=\"read-more\" href=\"https:\/\/www.rezolve.es\/en\/aviso-legal\/\">Read more<\/a><\/p>","protected":false},"author":1,"featured_media":193,"parent":0,"menu_order":0,"comment_status":"closed","ping_status":"closed","template":"","meta":{"footnotes":""},"class_list":["post-154","page","type-page","status-publish","has-post-thumbnail","hentry"],"_links":{"self":[{"href":"https:\/\/www.rezolve.es\/en\/wp-json\/wp\/v2\/pages\/154","targetHints":{"allow":["GET"]}}],"collection":[{"href":"https:\/\/www.rezolve.es\/en\/wp-json\/wp\/v2\/pages"}],"about":[{"href":"https:\/\/www.rezolve.es\/en\/wp-json\/wp\/v2\/types\/page"}],"author":[{"embeddable":true,"href":"https:\/\/www.rezolve.es\/en\/wp-json\/wp\/v2\/users\/1"}],"replies":[{"embeddable":true,"href":"https:\/\/www.rezolve.es\/en\/wp-json\/wp\/v2\/comments?post=154"}],"version-history":[{"count":7,"href":"https:\/\/www.rezolve.es\/en\/wp-json\/wp\/v2\/pages\/154\/revisions"}],"predecessor-version":[{"id":532,"href":"https:\/\/www.rezolve.es\/en\/wp-json\/wp\/v2\/pages\/154\/revisions\/532"}],"wp:featuredmedia":[{"embeddable":true,"href":"https:\/\/www.rezolve.es\/en\/wp-json\/wp\/v2\/media\/193"}],"wp:attachment":[{"href":"https:\/\/www.rezolve.es\/en\/wp-json\/wp\/v2\/media?parent=154"}],"curies":[{"name":"wp","href":"https:\/\/api.w.org\/{rel}","templated":true}]}}